{"id":6,"date":"2021-06-04T19:00:29","date_gmt":"2021-06-04T19:00:29","guid":{"rendered":"https:\/\/pisagor.com.tr\/pisagordan\/?page_id=6"},"modified":"2021-06-04T19:00:29","modified_gmt":"2021-06-04T19:00:29","slug":"hakkimizda","status":"publish","type":"page","link":"https:\/\/pisagor.com.tr\/pisagordan\/hakkimizda\/","title":{"rendered":"Hakk\u0131m\u0131zda"},"content":{"rendered":"\n<p>Kendini ve i\u015flerini tan\u0131tmak isteyen bir sanat\u00e7\u0131 olabilece\u011finiz gibi misyonunu a\u00e7\u0131klamak isteyen bir firma da olabilirsiniz.<\/p>\n","protected":false},"excerpt":{"rendered":"<p>Kendini ve i\u015flerini tan\u0131tmak isteyen bir sanat\u00e7\u0131 olabilece\u011finiz gibi misyonunu a\u00e7\u0131klamak isteyen bir firma da olabilirsiniz.<\/p>\n","protected":false},"author":1,"featured_media":0,"parent":0,"menu_order":0,"comment_status":"closed","ping_status":"closed","template":"","meta":{"footnotes":""},"class_list":["post-6","page","type-page","status-publish","hentry"],"yoast_head":"<!-- This site is optimized with the Yoast SEO plugin v27.3 - https:\/\/yoast.com\/product\/yoast-seo-wordpress\/ -->\n<title>Hakk\u0131m\u0131zda - Pisagor Dan\u0131\u015fmanl\u0131k<\/title>\n<meta name=\"robots\" content=\"index, follow, max-snippet:-1, max-image-preview:large, max-video-preview:-1\" \/>\n<link rel=\"canonical\" href=\"https:\/\/pisagor.com.tr\/pisagordan\/hakkimizda\/\" \/>\n<meta property=\"og:locale\" content=\"tr_TR\" \/>\n<meta property=\"og:type\" content=\"article\" \/>\n<meta property=\"og:title\" content=\"Hakk\u0131m\u0131zda - Pisagor Dan\u0131\u015fmanl\u0131k\" \/>\n<meta property=\"og:description\" content=\"Kendini ve i\u015flerini tan\u0131tmak isteyen bir sanat\u00e7\u0131 olabilece\u011finiz gibi misyonunu a\u00e7\u0131klamak isteyen bir firma da olabilirsiniz.\" \/>\n<meta property=\"og:url\" content=\"https:\/\/pisagor.com.tr\/pisagordan\/hakkimizda\/\" \/>\n<meta property=\"og:site_name\" content=\"Pisagor Dan\u0131\u015fmanl\u0131k\" \/>\n<meta name=\"twitter:card\" content=\"summary_large_image\" \/>\n<script type=\"application\/ld+json\" class=\"yoast-schema-graph\">{\"@context\":\"https:\\\/\\\/schema.org\",\"@graph\":[{\"@type\":\"WebPage\",\"@id\":\"https:\\\/\\\/pisagor.com.tr\\\/pisagordan\\\/hakkimizda\\\/\",\"url\":\"https:\\\/\\\/pisagor.com.tr\\\/pisagordan\\\/hakkimizda\\\/\",\"name\":\"Hakk\u0131m\u0131zda - Pisagor Dan\u0131\u015fmanl\u0131k\",\"isPartOf\":{\"@id\":\"https:\\\/\\\/pisagor.com.tr\\\/pisagordan\\\/#website\"},\"datePublished\":\"2021-06-04T19:00:29+00:00\",\"breadcrumb\":{\"@id\":\"https:\\\/\\\/pisagor.com.tr\\\/pisagordan\\\/hakkimizda\\\/#breadcrumb\"},\"inLanguage\":\"tr\",\"potentialAction\":[{\"@type\":\"ReadAction\",\"target\":[\"https:\\\/\\\/pisagor.com.tr\\\/pisagordan\\\/hakkimizda\\\/\"]}]},{\"@type\":\"BreadcrumbList\",\"@id\":\"https:\\\/\\\/pisagor.com.tr\\\/pisagordan\\\/hakkimizda\\\/#breadcrumb\",\"itemListElement\":[{\"@type\":\"ListItem\",\"position\":1,\"name\":\"Anasayfa\",\"item\":\"https:\\\/\\\/pisagor.com.tr\\\/pisagordan\\\/\"},{\"@type\":\"ListItem\",\"position\":2,\"name\":\"Hakk\u0131m\u0131zda\"}]},{\"@type\":\"WebSite\",\"@id\":\"https:\\\/\\\/pisagor.com.tr\\\/pisagordan\\\/#website\",\"url\":\"https:\\\/\\\/pisagor.com.tr\\\/pisagordan\\\/\",\"name\":\"Pisagor Dan\u0131\u015fmanl\u0131k\",\"description\":\"Orant\u0131s\u0131z Kolayl\u0131klar! :-)\",\"potentialAction\":[{\"@type\":\"SearchAction\",\"target\":{\"@type\":\"EntryPoint\",\"urlTemplate\":\"https:\\\/\\\/pisagor.com.tr\\\/pisagordan\\\/?s={search_term_string}\"},\"query-input\":{\"@type\":\"PropertyValueSpecification\",\"valueRequired\":true,\"valueName\":\"search_term_string\"}}],\"inLanguage\":\"tr\"}]}<\/script>\n<!-- \/ Yoast SEO plugin. -->","yoast_head_json":{"title":"Hakk\u0131m\u0131zda - Pisagor Dan\u0131\u015fmanl\u0131k","robots":{"index":"index","follow":"follow","max-snippet":"max-snippet:-1","max-image-preview":"max-image-preview:large","max-video-preview":"max-video-preview:-1"},"canonical":"https:\/\/pisagor.com.tr\/pisagordan\/hakkimizda\/","og_locale":"tr_TR","og_type":"article","og_title":"Hakk\u0131m\u0131zda - Pisagor Dan\u0131\u015fmanl\u0131k","og_description":"Kendini ve i\u015flerini tan\u0131tmak isteyen bir sanat\u00e7\u0131 olabilece\u011finiz gibi misyonunu a\u00e7\u0131klamak isteyen bir firma da olabilirsiniz.","og_url":"https:\/\/pisagor.com.tr\/pisagordan\/hakkimizda\/","og_site_name":"Pisagor Dan\u0131\u015fmanl\u0131k","twitter_card":"summary_large_image","schema":{"@context":"https:\/\/schema.org","@graph":[{"@type":"WebPage","@id":"https:\/\/pisagor.com.tr\/pisagordan\/hakkimizda\/","url":"https:\/\/pisagor.com.tr\/pisagordan\/hakkimizda\/","name":"Hakk\u0131m\u0131zda - Pisagor Dan\u0131\u015fmanl\u0131k","isPartOf":{"@id":"https:\/\/pisagor.com.tr\/pisagordan\/#website"},"datePublished":"2021-06-04T19:00:29+00:00","breadcrumb":{"@id":"https:\/\/pisagor.com.tr\/pisagordan\/hakkimizda\/#breadcrumb"},"inLanguage":"tr","potentialAction":[{"@type":"ReadAction","target":["https:\/\/pisagor.com.tr\/pisagordan\/hakkimizda\/"]}]},{"@type":"BreadcrumbList","@id":"https:\/\/pisagor.com.tr\/pisagordan\/hakkimizda\/#breadcrumb","itemListElement":[{"@type":"ListItem","position":1,"name":"Anasayfa","item":"https:\/\/pisagor.com.tr\/pisagordan\/"},{"@type":"ListItem","position":2,"name":"Hakk\u0131m\u0131zda"}]},{"@type":"WebSite","@id":"https:\/\/pisagor.com.tr\/pisagordan\/#website","url":"https:\/\/pisagor.com.tr\/pisagordan\/","name":"Pisagor Dan\u0131\u015fmanl\u0131k","description":"Orant\u0131s\u0131z Kolayl\u0131klar! :-)","potentialAction":[{"@type":"SearchAction","target":{"@type":"EntryPoint","urlTemplate":"https:\/\/pisagor.com.tr\/pisagordan\/?s={search_term_string}"},"query-input":{"@type":"PropertyValueSpecification","valueRequired":true,"valueName":"search_term_string"}}],"inLanguage":"tr"}]}},"_links":{"self":[{"href":"https:\/\/pisagor.com.tr\/pisagordan\/wp-json\/wp\/v2\/pages\/6","targetHints":{"allow":["GET"]}}],"collection":[{"href":"https:\/\/pisagor.com.tr\/pisagordan\/wp-json\/wp\/v2\/pages"}],"about":[{"href":"https:\/\/pisagor.com.tr\/pisagordan\/wp-json\/wp\/v2\/types\/page"}],"author":[{"embeddable":true,"href":"https:\/\/pisagor.com.tr\/pisagordan\/wp-json\/wp\/v2\/users\/1"}],"replies":[{"embeddable":true,"href":"https:\/\/pisagor.com.tr\/pisagordan\/wp-json\/wp\/v2\/comments?post=6"}],"version-history":[{"count":2,"href":"https:\/\/pisagor.com.tr\/pisagordan\/wp-json\/wp\/v2\/pages\/6\/revisions"}],"predecessor-version":[{"id":48,"href":"https:\/\/pisagor.com.tr\/pisagordan\/wp-json\/wp\/v2\/pages\/6\/revisions\/48"}],"wp:attachment":[{"href":"https:\/\/pisagor.com.tr\/pisagordan\/wp-json\/wp\/v2\/media?parent=6"}],"curies":[{"name":"wp","href":"https:\/\/api.w.org\/{rel}","templated":true}]}}